{"id":12,"date":"2018-10-14T11:28:49","date_gmt":"2018-10-14T11:28:49","guid":{"rendered":"http:\/\/nadbrda.pl\/?page_id=12"},"modified":"2018-12-29T10:51:10","modified_gmt":"2018-12-29T10:51:10","slug":"sekcja-strony-glownej","status":"publish","type":"page","link":"https:\/\/nadbrda.pl\/index.php\/sekcja-strony-glownej\/","title":{"rendered":"Przytulne domki"},"content":{"rendered":"<p>Nasze domki s\u0105 wkomponowane w le\u015bne otoczenie. Pomieszczenia s\u0105 jasne i przyjemne. Za oknem cisza i las.<\/p>\n","protected":false},"excerpt":{"rendered":"<p>Nasze domki s\u0105 wkomponowane w le\u015bne otoczenie. Pomieszczenia s\u0105 jasne i przyjemne. Za oknem cisza i las.<\/p>\n","protected":false},"author":1,"featured_media":174,"parent":0,"menu_order":0,"comment_status":"closed","ping_status":"closed","template":"","meta":{"footnotes":""},"class_list":["post-12","page","type-page","status-publish","has-post-thumbnail","hentry"],"_links":{"self":[{"href":"https:\/\/nadbrda.pl\/index.php\/wp-json\/wp\/v2\/pages\/12","targetHints":{"allow":["GET"]}}],"collection":[{"href":"https:\/\/nadbrda.pl\/index.php\/wp-json\/wp\/v2\/pages"}],"about":[{"href":"https:\/\/nadbrda.pl\/index.php\/wp-json\/wp\/v2\/types\/page"}],"author":[{"embeddable":true,"href":"https:\/\/nadbrda.pl\/index.php\/wp-json\/wp\/v2\/users\/1"}],"replies":[{"embeddable":true,"href":"https:\/\/nadbrda.pl\/index.php\/wp-json\/wp\/v2\/comments?post=12"}],"version-history":[{"count":2,"href":"https:\/\/nadbrda.pl\/index.php\/wp-json\/wp\/v2\/pages\/12\/revisions"}],"predecessor-version":[{"id":46,"href":"https:\/\/nadbrda.pl\/index.php\/wp-json\/wp\/v2\/pages\/12\/revisions\/46"}],"wp:featuredmedia":[{"embeddable":true,"href":"https:\/\/nadbrda.pl\/index.php\/wp-json\/wp\/v2\/media\/174"}],"wp:attachment":[{"href":"https:\/\/nadbrda.pl\/index.php\/wp-json\/wp\/v2\/media?parent=12"}],"curies":[{"name":"wp","href":"https:\/\/api.w.org\/{rel}","templated":true}]}}