{"id":116,"date":"2018-10-21T13:34:09","date_gmt":"2018-10-21T13:34:09","guid":{"rendered":"http:\/\/nadbrda.pl\/?page_id=116"},"modified":"2023-12-29T18:17:36","modified_gmt":"2023-12-29T18:17:36","slug":"nasza-oferta","status":"publish","type":"page","link":"https:\/\/nadbrda.pl\/index.php\/nasza-oferta\/","title":{"rendered":"Nasza oferta"},"content":{"rendered":"\n<p>Oferujemy 10 domk\u00f3w 4-osobowych. S\u0105 to nowe domki, wyposa\u017cone w \u0142azienk\u0119 z prysznicem, lod\u00f3wk\u0119, oraz telewizor. W ka\u017cdym domku s\u0105 dwa jednoosobowe \u0142\u00f3\u017cka w sypialni i jedna dwuosobowa kanapa.&nbsp;Aneks kuchenny wyposa\u017cony jest w kuchenk\u0119 indukcyjn\u0105, dzbanek do podgrzewania wody, oraz komplet naczy\u0144.&nbsp;<\/p>\n\n\n\n<h3 class=\"wp-block-heading\" id=\"mce_1\">Rekreacja<\/h3>\n\n\n\n<ul class=\"wp-block-list\"><li>wycieczki rowerowe (wynajmujemy rowery na miejscu)<\/li><li>piesze wycieczki<\/li><li>sprz\u0119t do badmintona<\/li><li>sprz\u0119t do tenisa<\/li><li>piesze wycieczki<\/li><li>kajakarstwo\u00a0(dodatkowa op\u0142ata)<\/li><li>tenis sto\u0142owy<\/li><li>plac zabaw dla dzieci<\/li><li>miejsce na ognisko<\/li><li>miejsce na piknik<\/li><\/ul>\n\n\n\n<h3 class=\"wp-block-heading\" id=\"mce_4\">Otoczenie<\/h3>\n\n\n\n<ul class=\"wp-block-list\"><li>miejsce na ognisko<\/li><li>miejsce na piknik<\/li><li>meble ogrodowe<\/li><\/ul>\n\n\n\n<h3 class=\"wp-block-heading\" id=\"mce_6\">Parking<\/h3>\n\n\n\n<ul class=\"wp-block-list\"><li>bezp\u0142atny parking prywatny,<\/li><li>po\u0142o\u017cony przy ulicy,<\/li><li>jest dost\u0119pny na miejscu (nie jest konieczna rezerwacja)<\/li><\/ul>\n\n\n\n<h3 class=\"wp-block-heading\" id=\"mce_8\">Zwierz\u0119ta<\/h3>\n\n\n\n<ul class=\"wp-block-list\"><li>zwierz\u0119ta akcepujemy, bez dodatkowych op\u0142at.<\/li><\/ul>\n","protected":false},"excerpt":{"rendered":"<p>Oferujemy 10 domk\u00f3w 4-osobowych. S\u0105 to nowe domki, wyposa\u017cone w \u0142azienk\u0119 z prysznicem, lod\u00f3wk\u0119, oraz telewizor. W ka\u017cdym domku s\u0105 dwa jednoosobowe \u0142\u00f3\u017cka w sypialni i jedna dwuosobowa kanapa.&nbsp;Aneks kuchenny wyposa\u017cony jest w kuchenk\u0119 indukcyjn\u0105, dzbanek do podgrzewania wody, oraz komplet naczy\u0144.&nbsp; Rekreacja wycieczki rowerowe (wynajmujemy rowery na miejscu) piesze wycieczki sprz\u0119t do badmintona sprz\u0119t &hellip; <\/p>\n<p class=\"link-more\"><a href=\"https:\/\/nadbrda.pl\/index.php\/nasza-oferta\/\" class=\"more-link\">Continue reading<span class=\"screen-reader-text\"> &#8220;Nasza oferta&#8221;<\/span><\/a><\/p>\n","protected":false},"author":1,"featured_media":0,"parent":0,"menu_order":0,"comment_status":"closed","ping_status":"closed","template":"","meta":{"footnotes":""},"class_list":["post-116","page","type-page","status-publish","hentry"],"_links":{"self":[{"href":"https:\/\/nadbrda.pl\/index.php\/wp-json\/wp\/v2\/pages\/116","targetHints":{"allow":["GET"]}}],"collection":[{"href":"https:\/\/nadbrda.pl\/index.php\/wp-json\/wp\/v2\/pages"}],"about":[{"href":"https:\/\/nadbrda.pl\/index.php\/wp-json\/wp\/v2\/types\/page"}],"author":[{"embeddable":true,"href":"https:\/\/nadbrda.pl\/index.php\/wp-json\/wp\/v2\/users\/1"}],"replies":[{"embeddable":true,"href":"https:\/\/nadbrda.pl\/index.php\/wp-json\/wp\/v2\/comments?post=116"}],"version-history":[{"count":5,"href":"https:\/\/nadbrda.pl\/index.php\/wp-json\/wp\/v2\/pages\/116\/revisions"}],"predecessor-version":[{"id":208,"href":"https:\/\/nadbrda.pl\/index.php\/wp-json\/wp\/v2\/pages\/116\/revisions\/208"}],"wp:attachment":[{"href":"https:\/\/nadbrda.pl\/index.php\/wp-json\/wp\/v2\/media?parent=116"}],"curies":[{"name":"wp","href":"https:\/\/api.w.org\/{rel}","templated":true}]}}