{"id":10,"date":"2018-10-14T11:28:49","date_gmt":"2018-10-14T11:28:49","guid":{"rendered":"http:\/\/nadbrda.pl\/?page_id=10"},"modified":"2019-01-11T18:57:15","modified_gmt":"2019-01-11T18:57:15","slug":"kontakt","status":"publish","type":"page","link":"https:\/\/nadbrda.pl\/index.php\/kontakt\/","title":{"rendered":"Kontakt"},"content":{"rendered":"<p>Znajdziesz nas na skraju rezerwatu przyrody<br \/>\n<strong>Dolina Rzeki Brdy<\/strong><\/p>\n<p><strong>Adres<\/strong><br \/>\nul. \u015awiecka 112<br \/>\nTuchola, 89-500<\/p>\n<p><strong>Telefon<\/strong><br \/>\n+48 660 429 044<\/p>\n<p><strong>E-mail<br \/>\n<\/strong><a href=\"mailto:NadBrda@NadBrda.pl\">NadBrda@NadBrda.pl<\/a><\/p>\n<p><strong>Zapraszamy<\/strong><br \/>\nPrzez ca\u0142y tydzie\u0144, bez wyj\u0105tku.<\/p>\n","protected":false},"excerpt":{"rendered":"<p>Znajdziesz nas na skraju rezerwatu przyrody Dolina Rzeki Brdy Adres ul. \u015awiecka 112 Tuchola, 89-500 Telefon +48 660 429 044 E-mail NadBrda@NadBrda.pl Zapraszamy Przez ca\u0142y tydzie\u0144, bez wyj\u0105tku.<\/p>\n","protected":false},"author":1,"featured_media":0,"parent":0,"menu_order":0,"comment_status":"closed","ping_status":"closed","template":"","meta":{"footnotes":""},"class_list":["post-10","page","type-page","status-publish","hentry"],"_links":{"self":[{"href":"https:\/\/nadbrda.pl\/index.php\/wp-json\/wp\/v2\/pages\/10","targetHints":{"allow":["GET"]}}],"collection":[{"href":"https:\/\/nadbrda.pl\/index.php\/wp-json\/wp\/v2\/pages"}],"about":[{"href":"https:\/\/nadbrda.pl\/index.php\/wp-json\/wp\/v2\/types\/page"}],"author":[{"embeddable":true,"href":"https:\/\/nadbrda.pl\/index.php\/wp-json\/wp\/v2\/users\/1"}],"replies":[{"embeddable":true,"href":"https:\/\/nadbrda.pl\/index.php\/wp-json\/wp\/v2\/comments?post=10"}],"version-history":[{"count":3,"href":"https:\/\/nadbrda.pl\/index.php\/wp-json\/wp\/v2\/pages\/10\/revisions"}],"predecessor-version":[{"id":182,"href":"https:\/\/nadbrda.pl\/index.php\/wp-json\/wp\/v2\/pages\/10\/revisions\/182"}],"wp:attachment":[{"href":"https:\/\/nadbrda.pl\/index.php\/wp-json\/wp\/v2\/media?parent=10"}],"curies":[{"name":"wp","href":"https:\/\/api.w.org\/{rel}","templated":true}]}}